{"id":11076,"date":"2023-11-07T14:43:40","date_gmt":"2023-11-07T14:43:40","guid":{"rendered":"https:\/\/discoverpuntahermosa.com\/?page_id=11076"},"modified":"2024-03-19T17:10:00","modified_gmt":"2024-03-19T22:10:00","slug":"quienes-somos","status":"publish","type":"page","link":"https:\/\/discoverpuntahermosa.com\/pt\/quienes-somos\/","title":{"rendered":"QUEM SOMOS?"},"content":{"rendered":"<div data-elementor-type=\"wp-page\" data-elementor-id=\"11076\" class=\"elementor elementor-11076\" data-elementor-post-type=\"page\">\n\t\t\t\t\t\t<section class=\"elementor-section elementor-top-section elementor-element elementor-element-bc7b62c elementor-section-boxed elementor-section-height-default elementor-section-height-default\" data-id=\"bc7b62c\" data-element_type=\"section\">\n\t\t\t\t\t\t<div class=\"elementor-container elementor-column-gap-no\">\n\t\t\t\t\t<div class=\"elementor-column elementor-col-100 elementor-top-column elementor-element elementor-element-8d6aa21\" data-id=\"8d6aa21\" data-element_type=\"column\">\n\t\t\t<div class=\"elementor-widget-wrap elementor-element-populated\">\n\t\t\t\t\t\t<div class=\"elementor-element elementor-element-a25b3b2 elementor-widget elementor-widget-heading\" data-id=\"a25b3b2\" data-element_type=\"widget\" data-widget_type=\"heading.default\">\n\t\t\t\t<div class=\"elementor-widget-container\">\n\t\t\t\t\t<h1 class=\"elementor-heading-title elementor-size-default\">QUEM SOMOS?<\/h1>\t\t\t\t<\/div>\n\t\t\t\t<\/div>\n\t\t\t\t<div class=\"elementor-element elementor-element-0c222c4 elementor-widget__width-initial elementor-widget-mobile__width-initial elementor-widget elementor-widget-heading\" data-id=\"0c222c4\" data-element_type=\"widget\" data-widget_type=\"heading.default\">\n\t\t\t\t<div class=\"elementor-widget-container\">\n\t\t\t\t\t<h2 class=\"elementor-heading-title elementor-size-default\"><br>\u201cDiscover Punta Hermosa, naci\u00f3 como un  reconocimiento a un distrito, y a su comunidad, que cambiaron la manera en la que ve\u00eda la vida.\u201d<br><\/h2>\t\t\t\t<\/div>\n\t\t\t\t<\/div>\n\t\t\t\t<div class=\"elementor-element elementor-element-b5ace15 elementor-widget__width-initial elementor-widget elementor-widget-heading\" data-id=\"b5ace15\" data-element_type=\"widget\" data-widget_type=\"heading.default\">\n\t\t\t\t<div class=\"elementor-widget-container\">\n\t\t\t\t\t<h2 class=\"elementor-heading-title elementor-size-default\">-  Erika Schwartzmann <\/h2>\t\t\t\t<\/div>\n\t\t\t\t<\/div>\n\t\t\t\t<div class=\"elementor-element elementor-element-8cd1d51 elementor-widget elementor-widget-image\" data-id=\"8cd1d51\" data-element_type=\"widget\" data-widget_type=\"image.default\">\n\t\t\t\t<div class=\"elementor-widget-container\">\n\t\t\t\t\t\t\t\t\t\t\t\t<figure class=\"wp-caption\">\n\t\t\t\t\t\t\t\t\t\t<img fetchpriority=\"high\" decoding=\"async\" width=\"1024\" height=\"400\" src=\"https:\/\/discoverpuntahermosa.com\/wp-content\/uploads\/2024\/03\/La-Isla-PH-1.jpg\" class=\"attachment-2048x2048 size-2048x2048 wp-image-19800\" alt=\"La-Isla-PH-1\" srcset=\"https:\/\/discoverpuntahermosa.com\/wp-content\/uploads\/2024\/03\/La-Isla-PH-1.jpg 1024w, https:\/\/discoverpuntahermosa.com\/wp-content\/uploads\/2024\/03\/La-Isla-PH-1-300x117.jpg 300w, https:\/\/discoverpuntahermosa.com\/wp-content\/uploads\/2024\/03\/La-Isla-PH-1-768x300.jpg 768w, https:\/\/discoverpuntahermosa.com\/wp-content\/uploads\/2024\/03\/La-Isla-PH-1-18x7.jpg 18w\" sizes=\"(max-width: 1024px) 100vw, 1024px\" \/>\t\t\t\t\t\t\t\t\t\t\t<figcaption class=\"widget-image-caption wp-caption-text\"> Foto por Erika Schwartzmann<\/figcaption>\n\t\t\t\t\t\t\t\t\t\t<\/figure>\n\t\t\t\t\t\t\t\t\t<\/div>\n\t\t\t\t<\/div>\n\t\t<div class=\"elementor-element elementor-element-ad2448f e-flex e-con-boxed e-con e-parent\" data-id=\"ad2448f\" data-element_type=\"container\">\n\t\t\t\t\t<div class=\"e-con-inner\">\n\t\t\t\t\t<\/div>\n\t\t\t\t<\/div>\n\t\t\t\t<div class=\"elementor-element elementor-element-480424e elementor-widget elementor-widget-text-editor\" data-id=\"480424e\" data-element_type=\"widget\" data-widget_type=\"text-editor.default\">\n\t\t\t\t<div class=\"elementor-widget-container\">\n\t\t\t\t\t\t\t\t\t<p>Punta Hermosa es un distrito costero en la provincia de Lima, Per\u00fa.\u00a0 Su principal atractivo son sus playas de arena dorada y sus olas aptas para cualquier nivel de surf;\u00a0 raz\u00f3n por la que es la cuna de campeones de este deporte.\u00a0\u00a0 Este lugar combina la majestuosidad del mar con una comunidad c\u00e1lida y acogedora.<\/p><p class=\"MsoNormal\"><span style=\"font-family: 'Verdana',sans-serif;\">Debido a la gran afluencia de gente en verano, el distrito ha evolucionado de un peque\u00f1o pueblo de pescadores a una localidad costera moderna con una variada oferta culinaria y una amplia gama de actividades y servicios para residentes y visitantes.<\/span><\/p><p>Punta Hermosa, es un destino que fusiona naturaleza, cultura de comunidad, aventura y relajo. Este para\u00edso para los amantes de los deportes acu\u00e1ticos y la vida al aire libre se transforma en un vibrante escenario durante el verano, donde la fiesta es constante y la afluencia de gente alcanza niveles extraordinarios.<\/p><p>Discover Punta Hermosa naci\u00f3 como un homenaje a un lugar, su gente y\u00a0 sus olas.\u00a0 Un distrito en el que las prioridades se reajustan, y conectar se vuelve lo m\u00e1s importante<\/p><p><strong>\u00a1Los invitamos a descubrir Punta Hermosa con nosotros!<\/strong><\/p>\t\t\t\t\t\t\t\t<\/div>\n\t\t\t\t<\/div>\n\t\t<div class=\"elementor-element elementor-element-6bed448 e-flex e-con-boxed e-con e-parent\" data-id=\"6bed448\" data-element_type=\"container\">\n\t\t\t\t\t<div class=\"e-con-inner\">\n\t\t\t\t\t<\/div>\n\t\t\t\t<\/div>\n\t\t\t\t<div class=\"elementor-element elementor-element-2558eaa elementor-widget elementor-widget-image\" data-id=\"2558eaa\" data-element_type=\"widget\" data-widget_type=\"image.default\">\n\t\t\t\t<div class=\"elementor-widget-container\">\n\t\t\t\t\t\t\t\t\t\t\t\t<figure class=\"wp-caption\">\n\t\t\t\t\t\t\t\t\t\t<img decoding=\"async\" width=\"1024\" height=\"400\" src=\"https:\/\/discoverpuntahermosa.com\/wp-content\/uploads\/2024\/03\/Botes-1.jpg\" class=\"attachment-2048x2048 size-2048x2048 wp-image-19820\" alt=\"Botes-1\" srcset=\"https:\/\/discoverpuntahermosa.com\/wp-content\/uploads\/2024\/03\/Botes-1.jpg 1024w, https:\/\/discoverpuntahermosa.com\/wp-content\/uploads\/2024\/03\/Botes-1-300x117.jpg 300w, https:\/\/discoverpuntahermosa.com\/wp-content\/uploads\/2024\/03\/Botes-1-768x300.jpg 768w, https:\/\/discoverpuntahermosa.com\/wp-content\/uploads\/2024\/03\/Botes-1-18x7.jpg 18w\" sizes=\"(max-width: 1024px) 100vw, 1024px\" \/>\t\t\t\t\t\t\t\t\t\t\t<figcaption class=\"widget-image-caption wp-caption-text\"> Foto por Erika Schwartzmann<\/figcaption>\n\t\t\t\t\t\t\t\t\t\t<\/figure>\n\t\t\t\t\t\t\t\t\t<\/div>\n\t\t\t\t<\/div>\n\t\t<div class=\"elementor-element elementor-element-cf4baf3 e-flex e-con-boxed e-con e-parent\" data-id=\"cf4baf3\" data-element_type=\"container\">\n\t\t\t\t\t<div class=\"e-con-inner\">\n\t\t\t\t\t<\/div>\n\t\t\t\t<\/div>\n\t\t\t\t<div class=\"elementor-element elementor-element-8b1b121 elementor-widget__width-initial elementor-widget elementor-widget-heading\" data-id=\"8b1b121\" data-element_type=\"widget\" data-widget_type=\"heading.default\">\n\t\t\t\t<div class=\"elementor-widget-container\">\n\t\t\t\t\t<h2 class=\"elementor-heading-title elementor-size-default\">Nuestra Misi\u00f3n<\/h2>\t\t\t\t<\/div>\n\t\t\t\t<\/div>\n\t\t<div class=\"elementor-element elementor-element-f11c01d e-flex e-con-boxed e-con e-parent\" data-id=\"f11c01d\" data-element_type=\"container\">\n\t\t\t\t\t<div class=\"e-con-inner\">\n\t\t\t\t\t<\/div>\n\t\t\t\t<\/div>\n\t\t\t\t<div class=\"elementor-element elementor-element-a51028e elementor-widget elementor-widget-text-editor\" data-id=\"a51028e\" data-element_type=\"widget\" data-widget_type=\"text-editor.default\">\n\t\t\t\t<div class=\"elementor-widget-container\">\n\t\t\t\t\t\t\t\t\t<p>En \u00abDiscover Punta Hermosa\u00bb buscamos promover y celebrar la belleza y la riqueza del distrito como un destino costero \u00fanico en el Pac\u00edfico. Nos dedicamos a proporcionar a residentes y visitantes una plataforma informativa y atractiva que destaque la cultura, las actividades, la gastronom\u00eda y las oportunidades de la regi\u00f3n.<\/p><p>Nos esforzamos por fomentar un mayor conocimiento y aprecio de Punta Hermosa, contribuyendo al crecimiento econ\u00f3mico sostenible de la comunidad local. Nuestra misi\u00f3n es conectar a las personas con todo lo que Punta Hermosa tiene para ofrecer, ya sea a trav\u00e9s de la promoci\u00f3n del turismo, el apoyo a los negocios locales o la creaci\u00f3n de un ambiente comunitario en l\u00ednea.<\/p><p class=\"MsoNormal\"><span style=\"font-family: 'Verdana',sans-serif;\">Estamos comprometidos a proporcionar informaci\u00f3n precisa y relevante, fomentar la colaboraci\u00f3n con la comunidad y ser una fuente de inspiraci\u00f3n para todos aquellos que deseen descubrir y disfrutar plenamente de este hermoso rinc\u00f3n del Per\u00fa. Juntos, contribuimos a hacer de Punta Hermosa un lugar especial que brille con su propia luz en la costa del Pac\u00edfico.<\/span><\/p>\t\t\t\t\t\t\t\t<\/div>\n\t\t\t\t<\/div>\n\t\t<div class=\"elementor-element elementor-element-44cc66d e-flex e-con-boxed e-con e-parent\" data-id=\"44cc66d\" data-element_type=\"container\">\n\t\t\t\t\t<div class=\"e-con-inner\">\n\t\t\t\t\t<\/div>\n\t\t\t\t<\/div>\n\t\t\t\t<div class=\"elementor-element elementor-element-ed08b2c elementor-widget elementor-widget-image\" data-id=\"ed08b2c\" data-element_type=\"widget\" data-widget_type=\"image.default\">\n\t\t\t\t<div class=\"elementor-widget-container\">\n\t\t\t\t\t\t\t\t\t\t\t\t<figure class=\"wp-caption\">\n\t\t\t\t\t\t\t\t\t\t<img decoding=\"async\" width=\"1024\" height=\"400\" src=\"https:\/\/discoverpuntahermosa.com\/wp-content\/uploads\/2024\/03\/La-Isla-2.jpg\" class=\"attachment-1536x1536 size-1536x1536 wp-image-19827\" alt=\"La-Isla-2\" srcset=\"https:\/\/discoverpuntahermosa.com\/wp-content\/uploads\/2024\/03\/La-Isla-2.jpg 1024w, https:\/\/discoverpuntahermosa.com\/wp-content\/uploads\/2024\/03\/La-Isla-2-300x117.jpg 300w, https:\/\/discoverpuntahermosa.com\/wp-content\/uploads\/2024\/03\/La-Isla-2-768x300.jpg 768w, https:\/\/discoverpuntahermosa.com\/wp-content\/uploads\/2024\/03\/La-Isla-2-18x7.jpg 18w\" sizes=\"(max-width: 1024px) 100vw, 1024px\" \/>\t\t\t\t\t\t\t\t\t\t\t<figcaption class=\"widget-image-caption wp-caption-text\">      Foto por Rudy Garc\u00eda<\/figcaption>\n\t\t\t\t\t\t\t\t\t\t<\/figure>\n\t\t\t\t\t\t\t\t\t<\/div>\n\t\t\t\t<\/div>\n\t\t<div class=\"elementor-element elementor-element-0aa0c17 e-flex e-con-boxed e-con e-parent\" data-id=\"0aa0c17\" data-element_type=\"container\">\n\t\t\t\t\t<div class=\"e-con-inner\">\n\t\t\t\t\t<\/div>\n\t\t\t\t<\/div>\n\t\t\t\t<div class=\"elementor-element elementor-element-aa7da23 elementor-widget elementor-widget-heading\" data-id=\"aa7da23\" data-element_type=\"widget\" data-widget_type=\"heading.default\">\n\t\t\t\t<div class=\"elementor-widget-container\">\n\t\t\t\t\t<h2 class=\"elementor-heading-title elementor-size-default\"><span style=\"font-size: 30px;text-transform: uppercase;font-family: var(--font-text)\">NUESTRos valores<\/span><\/h2>\t\t\t\t<\/div>\n\t\t\t\t<\/div>\n\t\t<div class=\"elementor-element elementor-element-dbcd049 e-flex e-con-boxed e-con e-parent\" data-id=\"dbcd049\" data-element_type=\"container\">\n\t\t\t\t\t<div class=\"e-con-inner\">\n\t\t\t\t\t<\/div>\n\t\t\t\t<\/div>\n\t\t\t\t<div class=\"elementor-element elementor-element-4170315 elementor-widget__width-initial elementor-widget elementor-widget-text-editor\" data-id=\"4170315\" data-element_type=\"widget\" data-widget_type=\"text-editor.default\">\n\t\t\t\t<div class=\"elementor-widget-container\">\n\t\t\t\t\t\t\t\t\t<p><span style=\"font-family: 'Verdana',sans-serif;\"><strong>Pasi\u00f3n por Punta Hermosa,<\/strong> amamos este lugar y lo compartimos a trav\u00e9s de nuestro trabajo.\u00a0 Inspiramos a otros a descubrir y enamorarse de este rinc\u00f3n costero.<\/span><\/p><p><strong>Sostenibilidad,<\/strong> estamos comprometidos con la\u00a0 preservaci\u00f3n del medio ambiente\u00a0<span style=\"color: var(--e-global-color-lcolor2); font-family: var(--e-global-typography-ltext1-font-family); font-size: var(--e-global-typography-ltext1-font-size); font-style: var(--e-global-typography-ltext1-font-style); font-weight: var(--e-global-typography-ltext1-font-weight); letter-spacing: var(--e-global-typography-ltext1-letter-spacing); text-transform: var(--e-global-typography-ltext1-text-transform);\">tanto como en la promoci\u00f3n del turismo<\/span><span style=\"color: var(--e-global-color-lcolor2); font-family: var(--e-global-typography-ltext1-font-family); font-size: var(--e-global-typography-ltext1-font-size); font-style: var(--e-global-typography-ltext1-font-style); font-weight: var(--e-global-typography-ltext1-font-weight); letter-spacing: var(--e-global-typography-ltext1-letter-spacing); text-transform: var(--e-global-typography-ltext1-text-transform);\">. Buscamos un equilibrio entre el desarrollo y la conservaci\u00f3n natural de Punta Hermosa.<\/span><\/p><p><strong>Respeto,<\/strong>\u00a0a la comunidad local, a nuestros visitantes y a la belleza natural de Punta Hermosa. Actuamos con consideraci\u00f3n y cuidado hacia todos los aspectos de este hermoso destino.<\/p><p><strong>Transparencia<\/strong>, en todas nuestras interacciones. Nuestra informaci\u00f3n es clara y veraz, y estamos abiertos a la retroalimentaci\u00f3n y la mejora constante.<\/p>\t\t\t\t\t\t\t\t<\/div>\n\t\t\t\t<\/div>\n\t\t\t\t\t<\/div>\n\t\t<\/div>\n\t\t\t\t\t<\/div>\n\t\t<\/section>\n\t\t\t\t<\/div>","protected":false},"excerpt":{"rendered":"<p>\u00bfQUIENES SOMOS? \u201cDiscover Punta Hermosa, naci\u00f3 como un reconocimiento a un distrito, y a su comunidad, que cambiaron la manera&#8230;<\/p>","protected":false},"author":1,"featured_media":0,"parent":0,"menu_order":0,"comment_status":"closed","ping_status":"closed","template":"elementor_header_footer","meta":{"_monsterinsights_skip_tracking":false,"_monsterinsights_sitenote_active":false,"_monsterinsights_sitenote_note":"","_monsterinsights_sitenote_category":0,"footnotes":""},"class_list":["post-11076","page","type-page","status-publish","hentry"],"_links":{"self":[{"href":"https:\/\/discoverpuntahermosa.com\/pt\/wp-json\/wp\/v2\/pages\/11076","targetHints":{"allow":["GET"]}}],"collection":[{"href":"https:\/\/discoverpuntahermosa.com\/pt\/wp-json\/wp\/v2\/pages"}],"about":[{"href":"https:\/\/discoverpuntahermosa.com\/pt\/wp-json\/wp\/v2\/types\/page"}],"author":[{"embeddable":true,"href":"https:\/\/discoverpuntahermosa.com\/pt\/wp-json\/wp\/v2\/users\/1"}],"replies":[{"embeddable":true,"href":"https:\/\/discoverpuntahermosa.com\/pt\/wp-json\/wp\/v2\/comments?post=11076"}],"version-history":[{"count":0,"href":"https:\/\/discoverpuntahermosa.com\/pt\/wp-json\/wp\/v2\/pages\/11076\/revisions"}],"wp:attachment":[{"href":"https:\/\/discoverpuntahermosa.com\/pt\/wp-json\/wp\/v2\/media?parent=11076"}],"curies":[{"name":"wp","href":"https:\/\/api.w.org\/{rel}","templated":true}]}}