{"id":11078,"date":"2023-11-07T14:44:09","date_gmt":"2023-11-07T14:44:09","guid":{"rendered":"https:\/\/discoverpuntahermosa.com\/?page_id=11078"},"modified":"2024-03-18T23:18:26","modified_gmt":"2024-03-19T04:18:26","slug":"politica-de-privacidad","status":"publish","type":"page","link":"https:\/\/discoverpuntahermosa.com\/pt\/politica-de-privacidad\/","title":{"rendered":"Pol\u00edtica de Privacidade"},"content":{"rendered":"<div data-elementor-type=\"wp-page\" data-elementor-id=\"11078\" class=\"elementor elementor-11078\" data-elementor-post-type=\"page\">\n\t\t\t\t\t\t<section class=\"elementor-section elementor-top-section elementor-element elementor-element-6ae07df7 elementor-section-boxed elementor-section-height-default elementor-section-height-default\" data-id=\"6ae07df7\" data-element_type=\"section\">\n\t\t\t\t\t\t<div class=\"elementor-container elementor-column-gap-default\">\n\t\t\t\t\t<div class=\"elementor-column elementor-col-100 elementor-top-column elementor-element elementor-element-710a13ef\" data-id=\"710a13ef\" data-element_type=\"column\">\n\t\t\t<div class=\"elementor-widget-wrap elementor-element-populated\">\n\t\t\t\t<div class=\"elementor-element elementor-element-b5f3eac e-flex e-con-boxed e-con e-parent\" data-id=\"b5f3eac\" data-element_type=\"container\">\n\t\t\t\t\t<div class=\"e-con-inner\">\n\t\t\t\t\t<\/div>\n\t\t\t\t<\/div>\n\t\t\t\t<div class=\"elementor-element elementor-element-1483abd elementor-widget__width-initial elementor-widget elementor-widget-heading\" data-id=\"1483abd\" data-element_type=\"widget\" data-widget_type=\"heading.default\">\n\t\t\t\t<div class=\"elementor-widget-container\">\n\t\t\t\t\t<h2 class=\"elementor-heading-title elementor-size-default\">\n\nPOLITICA DE PRIVACIDAD PARA SUSCRIPTORES Y USUARIOS<\/h2>\t\t\t\t<\/div>\n\t\t\t\t<\/div>\n\t\t\t\t<div class=\"elementor-element elementor-element-4dbadb70 elementor-widget elementor-widget-text-editor\" data-id=\"4dbadb70\" data-element_type=\"widget\" data-widget_type=\"text-editor.default\">\n\t\t\t\t<div class=\"elementor-widget-container\">\n\t\t\t\t\t\t\t\t\t<h3>\u00a0<\/h3><p>La presente Pol\u00edtica de Privacidad establece las pautas relativas a la recopilaci\u00f3n, uso y protecci\u00f3n de la informaci\u00f3n personal de los suscriptores y usuarios que interact\u00faan con Discover Punta Hermosa (\u00abla revista\u00bb o \u00abel sitio\u00bb) a trav\u00e9s de sus servicios digitales, incluidos los correos electr\u00f3nicos y el sitio web www.discoverpuntahermosa.com.<\/p><p><strong>Datos Personales Recopilados<\/strong><\/p><p>Discover Punta Hermosa recopila informaci\u00f3n personal de manera voluntaria, incluyendo nombres, direcciones de correo electr\u00f3nico y preferencias de contenido al suscribirse al bolet\u00edn informativo o utilizar los servicios proporcionados. Asimismo, en caso de que los usuarios se comuniquen para expresar inter\u00e9s en alojamientos o eventos espec\u00edficos, se recolectan datos como nombres, n\u00fameros de tel\u00e9fono, direcciones de correo y el mensaje correspondiente.<\/p><p><strong>Uso de la Informaci\u00f3n Personal<\/strong><\/p><p>La informaci\u00f3n recopilada tiene como finalidad el env\u00edo de contenido relevante sobre eventos, noticias y actividades en Punta Hermosa. En situaciones en las que se suministre informaci\u00f3n para su publicaci\u00f3n en Discover, se establecer\u00e1 contacto directo o se canalizar\u00e1 la solicitud hacia la persona indicada en Discover Punta Hermosa.<\/p><p><strong>Divulgaci\u00f3n de Informaci\u00f3n<\/strong><\/p><p>Los datos de contacto facilitados en relaci\u00f3n con el inter\u00e9s en alojamientos se transmitir\u00e1n directamente a la persona pertinente para que se comunique con el interesado.<\/p><p><strong>Seguridad y Manejo de Datos<\/strong><\/p><p>La protecci\u00f3n de la informaci\u00f3n personal es prioritaria. Se han implementado medidas de seguridad adecuadas para salvaguardarla de accesos no autorizados o divulgaciones no deseadas.<\/p><p><strong>V\u00ednculos a Terceros<\/strong><\/p><p>Los correos electr\u00f3nicos o el sitio web pueden contener enlaces a p\u00e1ginas externas relevantes. Discover no tiene control sobre dichos sitios externos y no asume responsabilidad por la protecci\u00f3n o privacidad de la informaci\u00f3n proporcionada al visitar esos enlaces.<\/p><p><strong>Actualizaciones en la Pol\u00edtica de Privacidad<\/strong><\/p><p>Esta Pol\u00edtica de Privacidad puede ser actualizada peri\u00f3dicamente. Se recomienda revisar regularmente esta p\u00e1gina para estar al tanto de cualquier cambio.<\/p><p>Para consultas, comentarios sobre la Pol\u00edtica de Privacidad o ejercer derechos de privacidad, se puede establecer contacto a trav\u00e9s de discoverpuntahermosa@gmail.com.<\/p><p><b>\u00daltima Actualizaci\u00f3n: 18 de Marzo 2024<\/b><\/p>\t\t\t\t\t\t\t\t<\/div>\n\t\t\t\t<\/div>\n\t\t\t\t\t<\/div>\n\t\t<\/div>\n\t\t\t\t\t<\/div>\n\t\t<\/section>\n\t\t\t\t<\/div>","protected":false},"excerpt":{"rendered":"<p>POLITICA DE PRIVACIDAD PARA SUSCRIPTORES Y USUARIOS \u00a0 La presente Pol\u00edtica de Privacidad establece las pautas relativas a la recopilaci\u00f3n,&#8230;<\/p>","protected":false},"author":1,"featured_media":0,"parent":0,"menu_order":0,"comment_status":"closed","ping_status":"closed","template":"elementor_header_footer","meta":{"_monsterinsights_skip_tracking":false,"_monsterinsights_sitenote_active":false,"_monsterinsights_sitenote_note":"","_monsterinsights_sitenote_category":0,"footnotes":""},"class_list":["post-11078","page","type-page","status-publish","hentry"],"_links":{"self":[{"href":"https:\/\/discoverpuntahermosa.com\/pt\/wp-json\/wp\/v2\/pages\/11078","targetHints":{"allow":["GET"]}}],"collection":[{"href":"https:\/\/discoverpuntahermosa.com\/pt\/wp-json\/wp\/v2\/pages"}],"about":[{"href":"https:\/\/discoverpuntahermosa.com\/pt\/wp-json\/wp\/v2\/types\/page"}],"author":[{"embeddable":true,"href":"https:\/\/discoverpuntahermosa.com\/pt\/wp-json\/wp\/v2\/users\/1"}],"replies":[{"embeddable":true,"href":"https:\/\/discoverpuntahermosa.com\/pt\/wp-json\/wp\/v2\/comments?post=11078"}],"version-history":[{"count":0,"href":"https:\/\/discoverpuntahermosa.com\/pt\/wp-json\/wp\/v2\/pages\/11078\/revisions"}],"wp:attachment":[{"href":"https:\/\/discoverpuntahermosa.com\/pt\/wp-json\/wp\/v2\/media?parent=11078"}],"curies":[{"name":"wp","href":"https:\/\/api.w.org\/{rel}","templated":true}]}}