{"id":11080,"date":"2023-11-07T14:44:21","date_gmt":"2023-11-07T14:44:21","guid":{"rendered":"https:\/\/discoverpuntahermosa.com\/?page_id=11080"},"modified":"2024-03-19T16:22:18","modified_gmt":"2024-03-19T21:22:18","slug":"preguntas-frecuentes","status":"publish","type":"page","link":"https:\/\/discoverpuntahermosa.com\/pt\/preguntas-frecuentes\/","title":{"rendered":"Perguntas Frequentes"},"content":{"rendered":"<div data-elementor-type=\"wp-page\" data-elementor-id=\"11080\" class=\"elementor elementor-11080\" data-elementor-post-type=\"page\">\n\t\t\t\t\t\t<section class=\"elementor-section elementor-top-section elementor-element elementor-element-56352ba elementor-section-boxed elementor-section-height-default elementor-section-height-default\" data-id=\"56352ba\" data-element_type=\"section\">\n\t\t\t\t\t\t<div class=\"elementor-container elementor-column-gap-no\">\n\t\t\t\t\t<div class=\"elementor-column elementor-col-100 elementor-top-column elementor-element elementor-element-3badc49\" data-id=\"3badc49\" data-element_type=\"column\">\n\t\t\t<div class=\"elementor-widget-wrap elementor-element-populated\">\n\t\t\t\t\t\t<div class=\"elementor-element elementor-element-c3c8675 elementor-widget elementor-widget-heading\" data-id=\"c3c8675\" data-element_type=\"widget\" data-widget_type=\"heading.default\">\n\t\t\t\t<div class=\"elementor-widget-container\">\n\t\t\t\t\t<h1 class=\"elementor-heading-title elementor-size-default\">Perguntas Frequentes\n<\/h1>\t\t\t\t<\/div>\n\t\t\t\t<\/div>\n\t\t\t\t<div class=\"elementor-element elementor-element-766abb1 elementor-widget elementor-widget-heading\" data-id=\"766abb1\" data-element_type=\"widget\" data-widget_type=\"heading.default\">\n\t\t\t\t<div class=\"elementor-widget-container\">\n\t\t\t\t\t<h2 class=\"elementor-heading-title elementor-size-default\">En caso no resolvamos todas tus dudas, no dejes de contactarte con nosotros.<\/h2>\t\t\t\t<\/div>\n\t\t\t\t<\/div>\n\t\t\t\t<div class=\"elementor-element elementor-element-ef3e6ff elementor-widget elementor-widget-image\" data-id=\"ef3e6ff\" data-element_type=\"widget\" data-widget_type=\"image.default\">\n\t\t\t\t<div class=\"elementor-widget-container\">\n\t\t\t\t\t\t\t\t\t\t\t\t<figure class=\"wp-caption\">\n\t\t\t\t\t\t\t\t\t\t<img fetchpriority=\"high\" decoding=\"async\" width=\"800\" height=\"313\" src=\"https:\/\/discoverpuntahermosa.com\/wp-content\/uploads\/2024\/03\/Rudy-Garcia-1.jpg\" class=\"attachment-large size-large wp-image-19867\" alt=\"Rudy-Garcia-1\" srcset=\"https:\/\/discoverpuntahermosa.com\/wp-content\/uploads\/2024\/03\/Rudy-Garcia-1.jpg 1024w, https:\/\/discoverpuntahermosa.com\/wp-content\/uploads\/2024\/03\/Rudy-Garcia-1-300x117.jpg 300w, https:\/\/discoverpuntahermosa.com\/wp-content\/uploads\/2024\/03\/Rudy-Garcia-1-768x300.jpg 768w, https:\/\/discoverpuntahermosa.com\/wp-content\/uploads\/2024\/03\/Rudy-Garcia-1-18x7.jpg 18w\" sizes=\"(max-width: 800px) 100vw, 800px\" \/>\t\t\t\t\t\t\t\t\t\t\t<figcaption class=\"widget-image-caption wp-caption-text\">Foto por Rudy Garc\u00eda <\/figcaption>\n\t\t\t\t\t\t\t\t\t\t<\/figure>\n\t\t\t\t\t\t\t\t\t<\/div>\n\t\t\t\t<\/div>\n\t\t<div class=\"elementor-element elementor-element-aea862d e-flex e-con-boxed e-con e-parent\" data-id=\"aea862d\" data-element_type=\"container\">\n\t\t\t\t\t<div class=\"e-con-inner\">\n\t\t\t\t\t<\/div>\n\t\t\t\t<\/div>\n\t\t\t\t<div class=\"elementor-element elementor-element-4eb02a0 elementor-widget elementor-widget-heading\" data-id=\"4eb02a0\" data-element_type=\"widget\" data-widget_type=\"heading.default\">\n\t\t\t\t<div class=\"elementor-widget-container\">\n\t\t\t\t\t<h2 class=\"elementor-heading-title elementor-size-default\">\n\u00bfQu\u00e9 es Discover Punta Hermosa?\n<\/h2>\t\t\t\t<\/div>\n\t\t\t\t<\/div>\n\t\t\t\t<div class=\"elementor-element elementor-element-76bbfdf elementor-widget elementor-widget-text-editor\" data-id=\"76bbfdf\" data-element_type=\"widget\" data-widget_type=\"text-editor.default\">\n\t\t\t\t<div class=\"elementor-widget-container\">\n\t\t\t\t\t\t\t\t\t<p>Discover Punta Hermosa es una plataforma dedicada a la promoci\u00f3n y celebraci\u00f3n de Punta Hermosa, Lima, como un destino \u00fanico en el Pac\u00edfico. Ofrecemos informaci\u00f3n, actividades, gastronom\u00eda y oportunidades, y estamos comprometidos con el crecimiento econ\u00f3mico sostenible de la comunidad local. Nuestra misi\u00f3n es conectar a las personas con todo lo que Punta Hermosa tiene para ofrecer, ya sea a trav\u00e9s de la promoci\u00f3n del turismo, el apoyo a los negocios locales o la creaci\u00f3n de un ambiente comunitario en l\u00ednea. Inspiramos a otros a descubrir y enamorarse de este hermoso rinc\u00f3n costero.<\/p>\t\t\t\t\t\t\t\t<\/div>\n\t\t\t\t<\/div>\n\t\t<div class=\"elementor-element elementor-element-3acaf4c e-flex e-con-boxed e-con e-parent\" data-id=\"3acaf4c\" data-element_type=\"container\">\n\t\t\t\t\t<div class=\"e-con-inner\">\n\t\t\t\t\t<\/div>\n\t\t\t\t<\/div>\n\t\t\t\t<div class=\"elementor-element elementor-element-a84737a elementor-widget elementor-widget-heading\" data-id=\"a84737a\" data-element_type=\"widget\" data-widget_type=\"heading.default\">\n\t\t\t\t<div class=\"elementor-widget-container\">\n\t\t\t\t\t<h2 class=\"elementor-heading-title elementor-size-default\">\u00bfC\u00f3mo puedo utilizar la p\u00e1gina para planificar mi viaje a Punta Hermosa?<\/h2>\t\t\t\t<\/div>\n\t\t\t\t<\/div>\n\t\t\t\t<div class=\"elementor-element elementor-element-188ef0c elementor-widget elementor-widget-text-editor\" data-id=\"188ef0c\" data-element_type=\"widget\" data-widget_type=\"text-editor.default\">\n\t\t\t\t<div class=\"elementor-widget-container\">\n\t\t\t\t\t\t\t\t\t<p>Utilizar nuestra p\u00e1gina web para planificar tu viaje a Punta Hermosa es f\u00e1cil y beneficioso. En Discover Punta Hermosa, te proporcionamos una amplia gama de informaci\u00f3n sobre alojamiento, actividades, restaurantes y eventos en la regi\u00f3n.<\/p><p style=\"padding-left: 40px;\"><strong>1. Explora y Descubre:\u00a0<\/strong><span style=\"color: var(--e-global-color-lcolor2); font-family: var(--e-global-typography-ltext1-font-family); font-size: var(--e-global-typography-ltext1-font-size); font-style: var(--e-global-typography-ltext1-font-style); font-weight: var(--e-global-typography-ltext1-font-weight); letter-spacing: var(--e-global-typography-ltext1-letter-spacing); text-transform: var(--e-global-typography-ltext1-text-transform);\">Navega a trav\u00e9s de nuestras secciones para explorar lo que Punta Hermosa tiene para ofrecer. Encuentra detalles sobre las hermosas playas, la vida nocturna, los eventos culturales y mucho m\u00e1s.<\/span><\/p><p style=\"padding-left: 40px;\"><strong>2. Informaci\u00f3n Detallada: <\/strong>Encuentra informaci\u00f3n detallada sobre alojamientos, desde hoteles hasta alquileres vacacionales, y descubre opciones para todos los presupuestos.<\/p><p style=\"padding-left: 40px;\"><strong>3. Planificaci\u00f3n de Actividades: <\/strong>Consulta nuestras recomendaciones sobre actividades acu\u00e1ticas, deportes y aventuras al aire libre. Te ayudamos a programar tus d\u00edas con opciones emocionantes.<\/p><p style=\"padding-left: 40px;\"><strong>4. Gastronom\u00eda Local: <\/strong>Explora nuestra selecci\u00f3n de restaurantes locales y conoce la deliciosa gastronom\u00eda de la zona.<\/p><p style=\"padding-left: 40px;\"><strong>5. Eventos: <\/strong>Mantente al tanto de los eventos y fiestas locales, y planifica tu visita para disfrutar al m\u00e1ximo de la vida cultural de Punta Hermosa.<\/p><p style=\"padding-left: 40px;\"><strong>6. Contacto y Asistencia: <\/strong>Si necesitas m\u00e1s ayuda o informaci\u00f3n, no dudes en ponerte en contacto con nuestro equipo. Estamos aqu\u00ed para asegurarnos de que tu viaje sea inolvidable.<\/p><p>Planificar tu viaje a Punta Hermosa es m\u00e1s sencillo y emocionante con la ayuda de \u00abDiscover Punta Hermosa\u00bb. \u00a1Esperamos que encuentres todo lo que necesitas para una experiencia inolvidable en este hermoso distrito de Lima!<\/p>\t\t\t\t\t\t\t\t<\/div>\n\t\t\t\t<\/div>\n\t\t<div class=\"elementor-element elementor-element-b9ff71e e-flex e-con-boxed e-con e-parent\" data-id=\"b9ff71e\" data-element_type=\"container\">\n\t\t\t\t\t<div class=\"e-con-inner\">\n\t\t\t\t\t<\/div>\n\t\t\t\t<\/div>\n\t\t\t\t<div class=\"elementor-element elementor-element-676bc0d elementor-widget elementor-widget-heading\" data-id=\"676bc0d\" data-element_type=\"widget\" data-widget_type=\"heading.default\">\n\t\t\t\t<div class=\"elementor-widget-container\">\n\t\t\t\t\t<h2 class=\"elementor-heading-title elementor-size-default\">\u00bfCu\u00e1l es la mejor \u00e9poca para visitar Punta Hermosa?\n<\/h2>\t\t\t\t<\/div>\n\t\t\t\t<\/div>\n\t\t\t\t<div class=\"elementor-element elementor-element-7bbb668 elementor-widget elementor-widget-text-editor\" data-id=\"7bbb668\" data-element_type=\"widget\" data-widget_type=\"text-editor.default\">\n\t\t\t\t<div class=\"elementor-widget-container\">\n\t\t\t\t\t\t\t\t\t<p>La mejor \u00e9poca para visitar Punta Hermosa depende de tus preferencias personales y de lo que busques en tu viaje. Aqu\u00ed hay algunos factores a considerar:<\/p><p style=\"padding-left: 40px;\"><strong>1. Temporada de Surf: <\/strong>Si eres un amante del surf, la mejor \u00e9poca para visitar Punta Hermosa es durante la temporada de olas, que generalmente es de abril a octubre. En este per\u00edodo, las olas son m\u00e1s consistentes y adecuadas para el surf.<\/p><p style=\"padding-left: 40px;\"><strong>2. Clima C\u00e1lido: <\/strong>Si prefieres el clima c\u00e1lido y el sol, los meses de diciembre a marzo son ideales. Estos son los meses de verano en Per\u00fa, y las temperaturas son m\u00e1s altas, lo que es perfecto para disfrutar de la playa y actividades al aire libre.<\/p><p style=\"padding-left: 40px;\"><strong>3. Tranquilidad: <\/strong>Si prefieres evitar las multitudes de turistas, considera visitar Punta Hermosa fuera de la temporada alta de verano. Los meses de septiembre a noviembre y de abril a junio suelen ser menos concurridos.<\/p>\t\t\t\t\t\t\t\t<\/div>\n\t\t\t\t<\/div>\n\t\t<div class=\"elementor-element elementor-element-78f8e9b e-flex e-con-boxed e-con e-parent\" data-id=\"78f8e9b\" data-element_type=\"container\">\n\t\t\t\t\t<div class=\"e-con-inner\">\n\t\t\t\t\t<\/div>\n\t\t\t\t<\/div>\n\t\t\t\t<div class=\"elementor-element elementor-element-a959d98 elementor-widget elementor-widget-heading\" data-id=\"a959d98\" data-element_type=\"widget\" data-widget_type=\"heading.default\">\n\t\t\t\t<div class=\"elementor-widget-container\">\n\t\t\t\t\t<h2 class=\"elementor-heading-title elementor-size-default\">\u00bfQu\u00e9 actividades y deportes acu\u00e1ticos son populares en Punta Hermosa?<\/h2>\t\t\t\t<\/div>\n\t\t\t\t<\/div>\n\t\t\t\t<div class=\"elementor-element elementor-element-d49d686 elementor-widget elementor-widget-text-editor\" data-id=\"d49d686\" data-element_type=\"widget\" data-widget_type=\"text-editor.default\">\n\t\t\t\t<div class=\"elementor-widget-container\">\n\t\t\t\t\t\t\t\t\t<p>En Punta Hermosa, encontrar\u00e1s una amplia variedad de actividades acu\u00e1ticas, incluyendo el surf, el buceo, la pesca y m\u00e1s. Adem\u00e1s de nuestras hermosas playas, hay muchas oportunidades para disfrutar de emocionantes deportes acu\u00e1ticos. \u00bfTienes alguna pregunta sobre c\u00f3mo participar en estas actividades? Estamos aqu\u00ed para ayudarte a planificar una experiencia \u00fanica en Punta Hermosa.<\/p>\t\t\t\t\t\t\t\t<\/div>\n\t\t\t\t<\/div>\n\t\t<div class=\"elementor-element elementor-element-5baba4f e-flex e-con-boxed e-con e-parent\" data-id=\"5baba4f\" data-element_type=\"container\">\n\t\t\t\t\t<div class=\"e-con-inner\">\n\t\t\t\t\t<\/div>\n\t\t\t\t<\/div>\n\t\t\t\t<div class=\"elementor-element elementor-element-92173cd elementor-widget elementor-widget-heading\" data-id=\"92173cd\" data-element_type=\"widget\" data-widget_type=\"heading.default\">\n\t\t\t\t<div class=\"elementor-widget-container\">\n\t\t\t\t\t<h2 class=\"elementor-heading-title elementor-size-default\">\u00bfC\u00f3mo puedo promocionar mi negocio en Discover Punta Hermosa?<\/h2>\t\t\t\t<\/div>\n\t\t\t\t<\/div>\n\t\t\t\t<div class=\"elementor-element elementor-element-d1daeb4 elementor-widget elementor-widget-text-editor\" data-id=\"d1daeb4\" data-element_type=\"widget\" data-widget_type=\"text-editor.default\">\n\t\t\t\t<div class=\"elementor-widget-container\">\n\t\t\t\t\t\t\t\t\t<p><span style=\"color: #808080;\">Si tienes un restaurante, bar, negocio de entretenimiento u otro negocio en Punta Hermosa, \u00a1nos encantar\u00eda ayudarte a destacar! Por favor, env\u00ede a\u00a0<strong><span style=\"color: #0000ff;\">discoverpuntahermosa@gmail.com<\/span>\u00a0<\/strong>el formulario de onboarding de Negocios<\/span><\/p><p><a href=\"https:\/\/1drv.ms\/w\/s!ApXIFtuzUH97hDlqJgUZQoCx2GVs?e=VAXRN5\" target=\"_blank\" rel=\"noopener\"><strong style=\"font-family: var(--e-global-typography-ltext1-font-family); font-size: var(--e-global-typography-ltext1-font-size); font-style: var(--e-global-typography-ltext1-font-style); letter-spacing: var(--e-global-typography-ltext1-letter-spacing); text-transform: var(--e-global-typography-ltext1-text-transform); color: #0000ff;\">Descargar formulario\u00a0de Negocios<\/strong><\/a><\/p>\t\t\t\t\t\t\t\t<\/div>\n\t\t\t\t<\/div>\n\t\t\t\t<div class=\"elementor-element elementor-element-68c10dd elementor-widget__width-initial elementor-widget elementor-widget-image\" data-id=\"68c10dd\" data-element_type=\"widget\" data-widget_type=\"image.default\">\n\t\t\t\t<div class=\"elementor-widget-container\">\n\t\t\t\t\t\t\t\t\t\t\t\t\t\t\t\t<a href=\"https:\/\/1drv.ms\/w\/s!ApXIFtuzUH97hDlqJgUZQoCx2GVs?e=e5Axey\" target=\"_blank\" rel=\"noopener\">\n\t\t\t\t\t\t\t<img decoding=\"async\" src=\"https:\/\/discoverpuntahermosa.com\/wp-content\/uploads\/2024\/03\/NEGOCIO-100x100.png\" title=\"NEGOCIO\" alt=\"NEGOCIO\" loading=\"lazy\" \/>\t\t\t\t\t\t\t\t<\/a>\n\t\t\t\t\t\t\t\t\t\t\t\t\t\t\t<\/div>\n\t\t\t\t<\/div>\n\t\t<div class=\"elementor-element elementor-element-cf4b522 e-flex e-con-boxed e-con e-parent\" data-id=\"cf4b522\" data-element_type=\"container\">\n\t\t\t\t\t<div class=\"e-con-inner\">\n\t\t\t\t\t<\/div>\n\t\t\t\t<\/div>\n\t\t\t\t<div class=\"elementor-element elementor-element-7826b45 elementor-widget elementor-widget-heading\" data-id=\"7826b45\" data-element_type=\"widget\" data-widget_type=\"heading.default\">\n\t\t\t\t<div class=\"elementor-widget-container\">\n\t\t\t\t\t<h2 class=\"elementor-heading-title elementor-size-default\">\u00bfC\u00f3mo puedo promocionar un evento en Discover Punta Hermosa?<\/h2>\t\t\t\t<\/div>\n\t\t\t\t<\/div>\n\t\t\t\t<div class=\"elementor-element elementor-element-63377fd elementor-widget elementor-widget-text-editor\" data-id=\"63377fd\" data-element_type=\"widget\" data-widget_type=\"text-editor.default\">\n\t\t\t\t<div class=\"elementor-widget-container\">\n\t\t\t\t\t\t\t\t\t<p>Si tienes un restaurante, bar, negocio de entretenimiento u otro negocio en Punta Hermosa, \u00a1nos encantar\u00eda ayudarte a destacar! Por favor, env\u00ede a\u00a0<strong>discoverpuntahermosa@gmail.com\u00a0<\/strong>el formulario de onboarding de eventos<\/p><p><a href=\"https:\/\/1drv.ms\/w\/s!ApXIFtuzUH97ij_Dxa6unONE5o3Q?e=h9L5c9\" target=\"_blank\" rel=\"noopener\"><strong style=\"font-family: var(--e-global-typography-ltext1-font-family); font-size: var(--e-global-typography-ltext1-font-size); font-style: var(--e-global-typography-ltext1-font-style); letter-spacing: var(--e-global-typography-ltext1-letter-spacing); text-transform: var(--e-global-typography-ltext1-text-transform); color: #0000ff;\">Descargar formulario\u00a0de Evento<\/strong><\/a><\/p>\t\t\t\t\t\t\t\t<\/div>\n\t\t\t\t<\/div>\n\t\t\t\t<div class=\"elementor-element elementor-element-4ef4b2b elementor-widget elementor-widget-image\" data-id=\"4ef4b2b\" data-element_type=\"widget\" data-widget_type=\"image.default\">\n\t\t\t\t<div class=\"elementor-widget-container\">\n\t\t\t\t\t\t\t\t\t\t\t\t\t\t\t\t<a href=\"https:\/\/1drv.ms\/w\/s!ApXIFtuzUH97ij_Dxa6unONE5o3Q?e=h9L5c9\" target=\"_blank\" rel=\"noopener\">\n\t\t\t\t\t\t\t<img decoding=\"async\" src=\"https:\/\/discoverpuntahermosa.com\/wp-content\/uploads\/2024\/03\/EVENTO-100x100.png\" title=\"EVENTO\" alt=\"EVENTO\" loading=\"lazy\" \/>\t\t\t\t\t\t\t\t<\/a>\n\t\t\t\t\t\t\t\t\t\t\t\t\t\t\t<\/div>\n\t\t\t\t<\/div>\n\t\t<div class=\"elementor-element elementor-element-c996ef4 e-flex e-con-boxed e-con e-parent\" data-id=\"c996ef4\" data-element_type=\"container\">\n\t\t\t\t\t<div class=\"e-con-inner\">\n\t\t\t\t\t<\/div>\n\t\t\t\t<\/div>\n\t\t\t\t<div class=\"elementor-element elementor-element-faa5219 elementor-widget elementor-widget-heading\" data-id=\"faa5219\" data-element_type=\"widget\" data-widget_type=\"heading.default\">\n\t\t\t\t<div class=\"elementor-widget-container\">\n\t\t\t\t\t<h2 class=\"elementor-heading-title elementor-size-default\">\u00bfC\u00f3mo puedo promocionar una propiedad en Discover Punta Hermosa?<\/h2>\t\t\t\t<\/div>\n\t\t\t\t<\/div>\n\t\t\t\t<div class=\"elementor-element elementor-element-7820d9b elementor-widget elementor-widget-text-editor\" data-id=\"7820d9b\" data-element_type=\"widget\" data-widget_type=\"text-editor.default\">\n\t\t\t\t<div class=\"elementor-widget-container\">\n\t\t\t\t\t\t\t\t\t<p>Si tienes una propiedad en Punta Hermosa que deseas vender o alquilar, estamos aqu\u00ed para ayudarte a llegar a posibles compradores o arrendatarios. Por favor, env\u00ede a\u00a0<strong><span style=\"color: #0000ff;\">discoverpuntahermosa@gmail.com <\/span><\/strong>el formulario de onboarding de inmuebles<\/p><p><a href=\"https:\/\/1drv.ms\/x\/s!ApXIFtuzUH97iRBlPwqV1vdJOrNu?e=715Lec\" target=\"_blank\" rel=\"noopener\"><span style=\"color: #0000ff;\"><strong>Descargar formulario\u00a0de Inmuebles<\/strong><\/span><\/a><\/p>\t\t\t\t\t\t\t\t<\/div>\n\t\t\t\t<\/div>\n\t\t\t\t<div class=\"elementor-element elementor-element-c25d48b elementor-widget elementor-widget-image\" data-id=\"c25d48b\" data-element_type=\"widget\" data-widget_type=\"image.default\">\n\t\t\t\t<div class=\"elementor-widget-container\">\n\t\t\t\t\t\t\t\t\t\t\t\t\t\t\t\t<a href=\"https:\/\/1drv.ms\/x\/s!ApXIFtuzUH97iRBlPwqV1vdJOrNu?e=715Lec\" target=\"_blank\" rel=\"noopener\">\n\t\t\t\t\t\t\t<img decoding=\"async\" src=\"https:\/\/discoverpuntahermosa.com\/wp-content\/uploads\/2024\/03\/INMUEBLE-100x100.png\" title=\"INMUEBLE\" alt=\"INMUEBLE\" loading=\"lazy\" \/>\t\t\t\t\t\t\t\t<\/a>\n\t\t\t\t\t\t\t\t\t\t\t\t\t\t\t<\/div>\n\t\t\t\t<\/div>\n\t\t<div class=\"elementor-element elementor-element-593bff0 e-flex e-con-boxed e-con e-parent\" data-id=\"593bff0\" data-element_type=\"container\">\n\t\t\t\t\t<div class=\"e-con-inner\">\n\t\t\t\t\t<\/div>\n\t\t\t\t<\/div>\n\t\t\t\t<div class=\"elementor-element elementor-element-9855877 elementor-widget__width-initial elementor-widget elementor-widget-heading\" data-id=\"9855877\" data-element_type=\"widget\" data-widget_type=\"heading.default\">\n\t\t\t\t<div class=\"elementor-widget-container\">\n\t\t\t\t\t<h2 class=\"elementor-heading-title elementor-size-default\">Si tienes cualquier otra duda no dejes de <\/h2>\t\t\t\t<\/div>\n\t\t\t\t<\/div>\n\t\t\t\t<div class=\"elementor-element elementor-element-db36d76 elementor-widget__width-initial elementor-widget elementor-widget-heading\" data-id=\"db36d76\" data-element_type=\"widget\" data-widget_type=\"heading.default\">\n\t\t\t\t<div class=\"elementor-widget-container\">\n\t\t\t\t\t<h2 class=\"elementor-heading-title elementor-size-default\"><a href=\"https:\/\/discoverpuntahermosa.com\/pt\/contactanos\/\">CONTACTARNOS.<\/a><\/h2>\t\t\t\t<\/div>\n\t\t\t\t<\/div>\n\t\t\t\t\t<\/div>\n\t\t<\/div>\n\t\t\t\t\t<\/div>\n\t\t<\/section>\n\t\t\t\t<\/div>","protected":false},"excerpt":{"rendered":"<p>PREGUNTAS FRECUENTES En caso no resolvamos todas tus dudas, no dejes de contactarte con nosotros. Foto por Rudy Garc\u00eda \u00bfQu\u00e9&#8230;<\/p>","protected":false},"author":1,"featured_media":0,"parent":0,"menu_order":0,"comment_status":"closed","ping_status":"closed","template":"elementor_header_footer","meta":{"_monsterinsights_skip_tracking":false,"_monsterinsights_sitenote_active":false,"_monsterinsights_sitenote_note":"","_monsterinsights_sitenote_category":0,"footnotes":""},"class_list":["post-11080","page","type-page","status-publish","hentry"],"_links":{"self":[{"href":"https:\/\/discoverpuntahermosa.com\/pt\/wp-json\/wp\/v2\/pages\/11080","targetHints":{"allow":["GET"]}}],"collection":[{"href":"https:\/\/discoverpuntahermosa.com\/pt\/wp-json\/wp\/v2\/pages"}],"about":[{"href":"https:\/\/discoverpuntahermosa.com\/pt\/wp-json\/wp\/v2\/types\/page"}],"author":[{"embeddable":true,"href":"https:\/\/discoverpuntahermosa.com\/pt\/wp-json\/wp\/v2\/users\/1"}],"replies":[{"embeddable":true,"href":"https:\/\/discoverpuntahermosa.com\/pt\/wp-json\/wp\/v2\/comments?post=11080"}],"version-history":[{"count":0,"href":"https:\/\/discoverpuntahermosa.com\/pt\/wp-json\/wp\/v2\/pages\/11080\/revisions"}],"wp:attachment":[{"href":"https:\/\/discoverpuntahermosa.com\/pt\/wp-json\/wp\/v2\/media?parent=11080"}],"curies":[{"name":"wp","href":"https:\/\/api.w.org\/{rel}","templated":true}]}}