{"id":11086,"date":"2023-11-07T14:44:42","date_gmt":"2023-11-07T14:44:42","guid":{"rendered":"https:\/\/discoverpuntahermosa.com\/?page_id=11086"},"modified":"2024-03-19T17:38:17","modified_gmt":"2024-03-19T22:38:17","slug":"quieres-aparecer-en-discover-punta-hermosa","status":"publish","type":"page","link":"https:\/\/discoverpuntahermosa.com\/pt\/quieres-aparecer-en-discover-punta-hermosa\/","title":{"rendered":"\u00bfQUIERES APARECER EN DISCOVER PUNTA HERMOSA?"},"content":{"rendered":"<div data-elementor-type=\"wp-page\" data-elementor-id=\"11086\" class=\"elementor elementor-11086\" data-elementor-post-type=\"page\">\n\t\t\t\t\t\t<section class=\"elementor-section elementor-top-section elementor-element elementor-element-af0e781 elementor-section-boxed elementor-section-height-default elementor-section-height-default\" data-id=\"af0e781\" data-element_type=\"section\">\n\t\t\t\t\t\t<div class=\"elementor-container elementor-column-gap-no\">\n\t\t\t\t\t<div class=\"elementor-column elementor-col-100 elementor-top-column elementor-element elementor-element-1d65c37\" data-id=\"1d65c37\" data-element_type=\"column\">\n\t\t\t<div class=\"elementor-widget-wrap elementor-element-populated\">\n\t\t\t\t\t\t<div class=\"elementor-element elementor-element-3464138 elementor-widget elementor-widget-heading\" data-id=\"3464138\" data-element_type=\"widget\" data-widget_type=\"heading.default\">\n\t\t\t\t<div class=\"elementor-widget-container\">\n\t\t\t\t\t<h1 class=\"elementor-heading-title elementor-size-default\">\u00bfQuieres Aparecer en Discover Punta Hermosa?<\/h1>\t\t\t\t<\/div>\n\t\t\t\t<\/div>\n\t\t\t\t<div class=\"elementor-element elementor-element-3365d5a elementor-widget elementor-widget-text-editor\" data-id=\"3365d5a\" data-element_type=\"widget\" data-widget_type=\"text-editor.default\">\n\t\t\t\t<div class=\"elementor-widget-container\">\n\t\t\t\t\t\t\t\t\t<p>Si deseas promocionar tu negocio, inmueble o evento en nuestra p\u00e1gina web, \u00a1estamos aqu\u00ed para ayudarte! Proporcionar informaci\u00f3n es sencillo. Dependiendo de tu tipo de negocio, por favor incluye los siguientes detalles:<\/p>\t\t\t\t\t\t\t\t<\/div>\n\t\t\t\t<\/div>\n\t\t<div class=\"elementor-element elementor-element-0179d97 e-flex e-con-boxed e-con e-parent\" data-id=\"0179d97\" data-element_type=\"container\">\n\t\t\t\t\t<div class=\"e-con-inner\">\n\t\t\t\t\t<\/div>\n\t\t\t\t<\/div>\n\t\t\t\t<div class=\"elementor-element elementor-element-0f9332e elementor-widget elementor-widget-heading\" data-id=\"0f9332e\" data-element_type=\"widget\" data-widget_type=\"heading.default\">\n\t\t\t\t<div class=\"elementor-widget-container\">\n\t\t\t\t\t<h2 class=\"elementor-heading-title elementor-size-default\">Para Eventos:<\/h2>\t\t\t\t<\/div>\n\t\t\t\t<\/div>\n\t\t\t\t<div class=\"elementor-element elementor-element-31498a1 elementor-widget elementor-widget-text-editor\" data-id=\"31498a1\" data-element_type=\"widget\" data-widget_type=\"text-editor.default\">\n\t\t\t\t<div class=\"elementor-widget-container\">\n\t\t\t\t\t\t\t\t\t<p>Para comunicar correctamente su evento necesitamos que nos hagan llegar la informaci\u00f3n relevante sobre este para compartir el evento como nombre, categor\u00eda o tipo de evento, direcci\u00f3n del evento, fecha, hora, informaci\u00f3n de\u00a0 contacto lista de artistas o participantes, precio de la entrada.<\/p><p>Encuentra el detalle completo en el siguiente formulario<\/p>\t\t\t\t\t\t\t\t<\/div>\n\t\t\t\t<\/div>\n\t\t\t\t<div class=\"elementor-element elementor-element-81b87af elementor-widget elementor-widget-image\" data-id=\"81b87af\" data-element_type=\"widget\" data-widget_type=\"image.default\">\n\t\t\t\t<div class=\"elementor-widget-container\">\n\t\t\t\t\t\t\t\t\t\t\t\t\t\t\t\t<a href=\"https:\/\/1drv.ms\/w\/s!ApXIFtuzUH97ij_Dxa6unONE5o3Q?e=h9L5c9\" target=\"_blank\" rel=\"noopener\">\n\t\t\t\t\t\t\t<img decoding=\"async\" src=\"https:\/\/discoverpuntahermosa.com\/wp-content\/uploads\/2024\/03\/EVENTO-1-100x100.png\" title=\"EVENTO-1\" alt=\"EVENTO-1\" loading=\"lazy\" \/>\t\t\t\t\t\t\t\t<\/a>\n\t\t\t\t\t\t\t\t\t\t\t\t\t\t\t<\/div>\n\t\t\t\t<\/div>\n\t\t<div class=\"elementor-element elementor-element-b9e0d8f e-flex e-con-boxed e-con e-parent\" data-id=\"b9e0d8f\" data-element_type=\"container\">\n\t\t\t\t\t<div class=\"e-con-inner\">\n\t\t\t\t\t<\/div>\n\t\t\t\t<\/div>\n\t\t\t\t<div class=\"elementor-element elementor-element-23cac08 elementor-widget elementor-widget-heading\" data-id=\"23cac08\" data-element_type=\"widget\" data-widget_type=\"heading.default\">\n\t\t\t\t<div class=\"elementor-widget-container\">\n\t\t\t\t\t<h2 class=\"elementor-heading-title elementor-size-default\">Para Inmuebles:<\/h2>\t\t\t\t<\/div>\n\t\t\t\t<\/div>\n\t\t\t\t<div class=\"elementor-element elementor-element-297f302 elementor-widget elementor-widget-text-editor\" data-id=\"297f302\" data-element_type=\"widget\" data-widget_type=\"text-editor.default\">\n\t\t\t\t<div class=\"elementor-widget-container\">\n\t\t\t\t\t\t\t\t\t<p>Para compartir correctamente su inmueble es importante que nos hagan llegar la informaci\u00f3n completa sobre este para compartir el evento como si busca vender o alquilar y en que periodo, precio, n\u00famero de habitaciones, ba\u00f1os, estacionamientos, capacidad de personas, area, servicios disponibles, descripci\u00f3n de la propiedad, imagenes representativas, informaci\u00f3n de contacto.<\/p>\n<p>Encuentra el detalle completo en el siguiente formulario<\/p>\t\t\t\t\t\t\t\t<\/div>\n\t\t\t\t<\/div>\n\t\t\t\t<div class=\"elementor-element elementor-element-337d123 elementor-widget elementor-widget-image\" data-id=\"337d123\" data-element_type=\"widget\" data-widget_type=\"image.default\">\n\t\t\t\t<div class=\"elementor-widget-container\">\n\t\t\t\t\t\t\t\t\t\t\t\t\t\t\t\t<a href=\"https:\/\/1drv.ms\/x\/s!ApXIFtuzUH97iRBlPwqV1vdJOrNu?e=715Lec\" target=\"_blank\" rel=\"noopener\">\n\t\t\t\t\t\t\t<img decoding=\"async\" src=\"https:\/\/discoverpuntahermosa.com\/wp-content\/uploads\/2024\/03\/INMUEBLE-1-100x100.png\" title=\"INMUEBLE-1\" alt=\"INMUEBLE-1\" loading=\"lazy\" \/>\t\t\t\t\t\t\t\t<\/a>\n\t\t\t\t\t\t\t\t\t\t\t\t\t\t\t<\/div>\n\t\t\t\t<\/div>\n\t\t<div class=\"elementor-element elementor-element-edf8685 e-flex e-con-boxed e-con e-parent\" data-id=\"edf8685\" data-element_type=\"container\">\n\t\t\t\t\t<div class=\"e-con-inner\">\n\t\t\t\t\t<\/div>\n\t\t\t\t<\/div>\n\t\t\t\t<div class=\"elementor-element elementor-element-808a72c elementor-widget elementor-widget-heading\" data-id=\"808a72c\" data-element_type=\"widget\" data-widget_type=\"heading.default\">\n\t\t\t\t<div class=\"elementor-widget-container\">\n\t\t\t\t\t<h2 class=\"elementor-heading-title elementor-size-default\">Para Otros Negocios (como restaurantes, ocio, etc.):<\/h2>\t\t\t\t<\/div>\n\t\t\t\t<\/div>\n\t\t\t\t<div class=\"elementor-element elementor-element-3bfa8bd elementor-widget elementor-widget-text-editor\" data-id=\"3bfa8bd\" data-element_type=\"widget\" data-widget_type=\"text-editor.default\">\n\t\t\t\t<div class=\"elementor-widget-container\">\n\t\t\t\t\t\t\t\t\t<p>Para compartir correctamente su negocio es importante que nos hagan llegar la informaci\u00f3n completa sobre este para compartir el evento como categoria, tipo de negocio, direcci\u00f3n, horario, descripci\u00f3n del servicio o producto, informaci\u00f3n de contacto.<\/p><p>Encuentra el detalle completo en el siguiente formulario<\/p>\t\t\t\t\t\t\t\t<\/div>\n\t\t\t\t<\/div>\n\t\t\t\t<div class=\"elementor-element elementor-element-00b7d27 elementor-widget elementor-widget-image\" data-id=\"00b7d27\" data-element_type=\"widget\" data-widget_type=\"image.default\">\n\t\t\t\t<div class=\"elementor-widget-container\">\n\t\t\t\t\t\t\t\t\t\t\t\t\t\t\t\t<a href=\"https:\/\/1drv.ms\/w\/s!ApXIFtuzUH97hDlqJgUZQoCx2GVs?e=e5Axey\" target=\"_blank\" rel=\"noopener\">\n\t\t\t\t\t\t\t<img decoding=\"async\" src=\"https:\/\/discoverpuntahermosa.com\/wp-content\/uploads\/2024\/03\/NEGOCIO-1-100x100.png\" title=\"NEGOCIO-1\" alt=\"NEGOCIO-1\" loading=\"lazy\" \/>\t\t\t\t\t\t\t\t<\/a>\n\t\t\t\t\t\t\t\t\t\t\t\t\t\t\t<\/div>\n\t\t\t\t<\/div>\n\t\t<div class=\"elementor-element elementor-element-8944011 e-flex e-con-boxed e-con e-parent\" data-id=\"8944011\" data-element_type=\"container\">\n\t\t\t\t\t<div class=\"e-con-inner\">\n\t\t\t\t\t<\/div>\n\t\t\t\t<\/div>\n\t\t\t\t<div class=\"elementor-element elementor-element-9f7d193 elementor-widget elementor-widget-text-editor\" data-id=\"9f7d193\" data-element_type=\"widget\" data-widget_type=\"text-editor.default\">\n\t\t\t\t<div class=\"elementor-widget-container\">\n\t\t\t\t\t\t\t\t\t<p>\u00a1Es el momento de destacar en Discover Punta Hermosa! Env\u00eda la informaci\u00f3n relevante a nuestro correo electr\u00f3nico <strong><span style=\"color: #0000ff;\">discoverpuntahermosa@gmail.com<\/span><\/strong> y estaremos encantados de ayudarte a promocionar tu negocio o evento. Esperamos tener noticias tuyas y trabajar juntos para resaltar lo mejor de Punta Hermosa en nuestra comunidad.<\/p>\t\t\t\t\t\t\t\t<\/div>\n\t\t\t\t<\/div>\n\t\t<div class=\"elementor-element elementor-element-ad34528 e-flex e-con-boxed e-con e-parent\" data-id=\"ad34528\" data-element_type=\"container\">\n\t\t\t\t\t<div class=\"e-con-inner\">\n\t\t\t\t\t<\/div>\n\t\t\t\t<\/div>\n\t\t\t\t\t<\/div>\n\t\t<\/div>\n\t\t\t\t\t<\/div>\n\t\t<\/section>\n\t\t\t\t<\/div>","protected":false},"excerpt":{"rendered":"<p>\u00bfQuieres Aparecer en Discover Punta Hermosa? Si deseas promocionar tu negocio, inmueble o evento en nuestra p\u00e1gina web, \u00a1estamos aqu\u00ed&#8230;<\/p>","protected":false},"author":1,"featured_media":0,"parent":0,"menu_order":0,"comment_status":"closed","ping_status":"closed","template":"elementor_header_footer","meta":{"_monsterinsights_skip_tracking":false,"_monsterinsights_sitenote_active":false,"_monsterinsights_sitenote_note":"","_monsterinsights_sitenote_category":0,"footnotes":""},"class_list":["post-11086","page","type-page","status-publish","hentry"],"_links":{"self":[{"href":"https:\/\/discoverpuntahermosa.com\/pt\/wp-json\/wp\/v2\/pages\/11086","targetHints":{"allow":["GET"]}}],"collection":[{"href":"https:\/\/discoverpuntahermosa.com\/pt\/wp-json\/wp\/v2\/pages"}],"about":[{"href":"https:\/\/discoverpuntahermosa.com\/pt\/wp-json\/wp\/v2\/types\/page"}],"author":[{"embeddable":true,"href":"https:\/\/discoverpuntahermosa.com\/pt\/wp-json\/wp\/v2\/users\/1"}],"replies":[{"embeddable":true,"href":"https:\/\/discoverpuntahermosa.com\/pt\/wp-json\/wp\/v2\/comments?post=11086"}],"version-history":[{"count":0,"href":"https:\/\/discoverpuntahermosa.com\/pt\/wp-json\/wp\/v2\/pages\/11086\/revisions"}],"wp:attachment":[{"href":"https:\/\/discoverpuntahermosa.com\/pt\/wp-json\/wp\/v2\/media?parent=11086"}],"curies":[{"name":"wp","href":"https:\/\/api.w.org\/{rel}","templated":true}]}}