{"id":11088,"date":"2023-11-07T14:44:50","date_gmt":"2023-11-07T14:44:50","guid":{"rendered":"https:\/\/discoverpuntahermosa.com\/?page_id=11088"},"modified":"2024-01-05T00:12:58","modified_gmt":"2024-01-05T05:12:58","slug":"ayudanos-a-mejorar","status":"publish","type":"page","link":"https:\/\/discoverpuntahermosa.com\/pt\/ayudanos-a-mejorar\/","title":{"rendered":"Ajude-nos a melhorar"},"content":{"rendered":"<div data-elementor-type=\"wp-page\" data-elementor-id=\"11088\" class=\"elementor elementor-11088\" data-elementor-post-type=\"page\">\n\t\t\t\t\t\t<section class=\"elementor-section elementor-top-section elementor-element elementor-element-9e159e9 elementor-section-boxed elementor-section-height-default elementor-section-height-default\" data-id=\"9e159e9\" data-element_type=\"section\">\n\t\t\t\t\t\t<div class=\"elementor-container elementor-column-gap-no\">\n\t\t\t\t\t<div class=\"elementor-column elementor-col-100 elementor-top-column elementor-element elementor-element-3acb8fb\" data-id=\"3acb8fb\" data-element_type=\"column\">\n\t\t\t<div class=\"elementor-widget-wrap elementor-element-populated\">\n\t\t\t\t\t\t<div class=\"elementor-element elementor-element-aba1101 elementor-widget elementor-widget-heading\" data-id=\"aba1101\" data-element_type=\"widget\" data-widget_type=\"heading.default\">\n\t\t\t\t<div class=\"elementor-widget-container\">\n\t\t\t\t\t<h1 class=\"elementor-heading-title elementor-size-default\">Ay\u00fadanos a Mejorar\n<\/h1>\t\t\t\t<\/div>\n\t\t\t\t<\/div>\n\t\t\t\t<div class=\"elementor-element elementor-element-0e6935b elementor-widget elementor-widget-heading\" data-id=\"0e6935b\" data-element_type=\"widget\" data-widget_type=\"heading.default\">\n\t\t\t\t<div class=\"elementor-widget-container\">\n\t\t\t\t\t<h2 class=\"elementor-heading-title elementor-size-default\">Tu opini\u00f3n es fundamental para nosotros. Con tus valiosas sugerencias y comentarios, estamos comprometidos a hacer que nuestro sitio web sea a\u00fan m\u00e1s completo y actualizado.<\/h2>\t\t\t\t<\/div>\n\t\t\t\t<\/div>\n\t\t\t\t<div class=\"elementor-element elementor-element-06c2ea6 elementor-widget elementor-widget-image\" data-id=\"06c2ea6\" data-element_type=\"widget\" data-widget_type=\"image.default\">\n\t\t\t\t<div class=\"elementor-widget-container\">\n\t\t\t\t\t\t\t\t\t\t\t\t<figure class=\"wp-caption\">\n\t\t\t\t\t\t\t\t\t\t<img fetchpriority=\"high\" decoding=\"async\" width=\"1250\" height=\"713\" src=\"https:\/\/discoverpuntahermosa.com\/wp-content\/uploads\/2023\/11\/ayudanos-a-mejorar.jpg\" class=\"attachment-full size-full wp-image-12775\" alt=\"\" srcset=\"https:\/\/discoverpuntahermosa.com\/wp-content\/uploads\/2023\/11\/ayudanos-a-mejorar.jpg 1250w, https:\/\/discoverpuntahermosa.com\/wp-content\/uploads\/2023\/11\/ayudanos-a-mejorar-300x171.jpg 300w, https:\/\/discoverpuntahermosa.com\/wp-content\/uploads\/2023\/11\/ayudanos-a-mejorar-1024x584.jpg 1024w, https:\/\/discoverpuntahermosa.com\/wp-content\/uploads\/2023\/11\/ayudanos-a-mejorar-768x438.jpg 768w, https:\/\/discoverpuntahermosa.com\/wp-content\/uploads\/2023\/11\/ayudanos-a-mejorar-18x10.jpg 18w\" sizes=\"(max-width: 1250px) 100vw, 1250px\" \/>\t\t\t\t\t\t\t\t\t\t\t<figcaption class=\"widget-image-caption wp-caption-text\">Rudy Garc\u00eda <\/figcaption>\n\t\t\t\t\t\t\t\t\t\t<\/figure>\n\t\t\t\t\t\t\t\t\t<\/div>\n\t\t\t\t<\/div>\n\t\t\t\t<div class=\"elementor-element elementor-element-910e9e8 elementor-widget elementor-widget-heading\" data-id=\"910e9e8\" data-element_type=\"widget\" data-widget_type=\"heading.default\">\n\t\t\t\t<div class=\"elementor-widget-container\">\n\t\t\t\t\t<h2 class=\"elementor-heading-title elementor-size-default\">\u00bfHas notado un restaurante en la web que ya no est\u00e1 abierto? \u00bfLa descripci\u00f3n de tu local no coincide con los cambios que has realizado? \u00bfTienes alguna inquietud sobre el funcionamiento del sitio o alguna sugerencia para mejorar nuestros art\u00edculos?<\/h2>\t\t\t\t<\/div>\n\t\t\t\t<\/div>\n\t\t\t\t<div class=\"elementor-element elementor-element-0eb3a4e elementor-widget elementor-widget-heading\" data-id=\"0eb3a4e\" data-element_type=\"widget\" data-widget_type=\"heading.default\">\n\t\t\t\t<div class=\"elementor-widget-container\">\n\t\t\t\t\t<h2 class=\"elementor-heading-title elementor-size-default\">\u00a1Estamos aqu\u00ed para escucharte! Por favor, env\u00edanos un correo electr\u00f3nico a <b>discoverpuntahermosa@gmail.com<\/b> para que podamos seguir trabajando juntos en hacer de nuestra plataforma la mejor fuente de informaci\u00f3n sobre Punta Hermosa.\n<\/h2>\t\t\t\t<\/div>\n\t\t\t\t<\/div>\n\t\t\t\t\t<\/div>\n\t\t<\/div>\n\t\t\t\t\t<\/div>\n\t\t<\/section>\n\t\t\t\t<\/div>","protected":false},"excerpt":{"rendered":"<p>Ay\u00fadanos a Mejorar Tu opini\u00f3n es fundamental para nosotros. Con tus valiosas sugerencias y comentarios, estamos comprometidos a hacer que&#8230;<\/p>","protected":false},"author":1,"featured_media":0,"parent":0,"menu_order":0,"comment_status":"closed","ping_status":"closed","template":"elementor_header_footer","meta":{"_monsterinsights_skip_tracking":false,"_monsterinsights_sitenote_active":false,"_monsterinsights_sitenote_note":"","_monsterinsights_sitenote_category":0,"footnotes":""},"class_list":["post-11088","page","type-page","status-publish","hentry"],"_links":{"self":[{"href":"https:\/\/discoverpuntahermosa.com\/pt\/wp-json\/wp\/v2\/pages\/11088","targetHints":{"allow":["GET"]}}],"collection":[{"href":"https:\/\/discoverpuntahermosa.com\/pt\/wp-json\/wp\/v2\/pages"}],"about":[{"href":"https:\/\/discoverpuntahermosa.com\/pt\/wp-json\/wp\/v2\/types\/page"}],"author":[{"embeddable":true,"href":"https:\/\/discoverpuntahermosa.com\/pt\/wp-json\/wp\/v2\/users\/1"}],"replies":[{"embeddable":true,"href":"https:\/\/discoverpuntahermosa.com\/pt\/wp-json\/wp\/v2\/comments?post=11088"}],"version-history":[{"count":0,"href":"https:\/\/discoverpuntahermosa.com\/pt\/wp-json\/wp\/v2\/pages\/11088\/revisions"}],"wp:attachment":[{"href":"https:\/\/discoverpuntahermosa.com\/pt\/wp-json\/wp\/v2\/media?parent=11088"}],"curies":[{"name":"wp","href":"https:\/\/api.w.org\/{rel}","templated":true}]}}