{"id":12102,"date":"2023-11-09T19:52:51","date_gmt":"2023-11-09T19:52:51","guid":{"rendered":"https:\/\/discoverpuntahermosa.com\/?page_id=12102"},"modified":"2024-03-19T16:51:34","modified_gmt":"2024-03-19T21:51:34","slug":"como-llegar","status":"publish","type":"page","link":"https:\/\/discoverpuntahermosa.com\/pt\/como-llegar\/","title":{"rendered":"\u00bfC\u00d3MO LLEGAR?"},"content":{"rendered":"<div data-elementor-type=\"wp-page\" data-elementor-id=\"12102\" class=\"elementor elementor-12102\" data-elementor-post-type=\"page\">\n\t\t\t\t\t\t<section class=\"elementor-section elementor-top-section elementor-element elementor-element-813a550 elementor-section-boxed elementor-section-height-default elementor-section-height-default\" data-id=\"813a550\" data-element_type=\"section\">\n\t\t\t\t\t\t<div class=\"elementor-container elementor-column-gap-no\">\n\t\t\t\t\t<div class=\"elementor-column elementor-col-100 elementor-top-column elementor-element elementor-element-f85a982\" data-id=\"f85a982\" data-element_type=\"column\">\n\t\t\t<div class=\"elementor-widget-wrap elementor-element-populated\">\n\t\t\t\t\t\t<div class=\"elementor-element elementor-element-3a353c8 elementor-widget elementor-widget-heading\" data-id=\"3a353c8\" data-element_type=\"widget\" data-widget_type=\"heading.default\">\n\t\t\t\t<div class=\"elementor-widget-container\">\n\t\t\t\t\t<h1 class=\"elementor-heading-title elementor-size-default\">Como chegar em Punta Hermosa?<\/h1>\t\t\t\t<\/div>\n\t\t\t\t<\/div>\n\t\t\t\t<div class=\"elementor-element elementor-element-99ece6b elementor-widget elementor-widget-heading\" data-id=\"99ece6b\" data-element_type=\"widget\" data-widget_type=\"heading.default\">\n\t\t\t\t<div class=\"elementor-widget-container\">\n\t\t\t\t\t<h2 class=\"elementor-heading-title elementor-size-default\">UBICACI\u00d3N<\/h2>\t\t\t\t<\/div>\n\t\t\t\t<\/div>\n\t\t\t\t<div class=\"elementor-element elementor-element-8b1ad87 elementor-widget elementor-widget-text-editor\" data-id=\"8b1ad87\" data-element_type=\"widget\" data-widget_type=\"text-editor.default\">\n\t\t\t\t<div class=\"elementor-widget-container\">\n\t\t\t\t\t\t\t\t\t<p>Punta Hermosa se encuentra en la costa central del Per\u00fa, espec\u00edficamente en la provincia de Lima, al sur de la capital del pa\u00eds.\u00a0 Se encuentra ubicada alrededor del kil\u00f3metro 40 de la carretera Panamericana Sur.\u00a0\u00a0 Para llegar a este destino costero existen muchas maneras, en este art\u00edculo las explicamos.<\/p>\t\t\t\t\t\t\t\t<\/div>\n\t\t\t\t<\/div>\n\t\t<div class=\"elementor-element elementor-element-ecba453 e-flex e-con-boxed e-con e-parent\" data-id=\"ecba453\" data-element_type=\"container\">\n\t\t\t\t\t<div class=\"e-con-inner\">\n\t\t\t\t\t<\/div>\n\t\t\t\t<\/div>\n\t\t\t\t<div class=\"elementor-element elementor-element-53fa07e elementor-widget elementor-widget-image\" data-id=\"53fa07e\" data-element_type=\"widget\" data-widget_type=\"image.default\">\n\t\t\t\t<div class=\"elementor-widget-container\">\n\t\t\t\t\t\t\t\t\t\t\t\t\t\t\t<img decoding=\"async\" src=\"https:\/\/discoverpuntahermosa.com\/wp-content\/uploads\/2023\/12\/mapa-como-llegar-720x480.png\" title=\"mapa-como-llegar\" alt=\"mapa-como-llegar\" loading=\"lazy\" \/>\t\t\t\t\t\t\t\t\t\t\t\t\t\t\t<\/div>\n\t\t\t\t<\/div>\n\t\t\t\t<div class=\"elementor-element elementor-element-113539b elementor-widget elementor-widget-heading\" data-id=\"113539b\" data-element_type=\"widget\" data-widget_type=\"heading.default\">\n\t\t\t\t<div class=\"elementor-widget-container\">\n\t\t\t\t\t<h2 class=\"elementor-heading-title elementor-size-default\">AUTO PRIVADO O TAXI <\/h2>\t\t\t\t<\/div>\n\t\t\t\t<\/div>\n\t\t\t\t<div class=\"elementor-element elementor-element-7c35f4c elementor-widget elementor-widget-heading\" data-id=\"7c35f4c\" data-element_type=\"widget\" data-widget_type=\"heading.default\">\n\t\t\t\t<div class=\"elementor-widget-container\">\n\t\t\t\t\t<h2 class=\"elementor-heading-title elementor-size-default\">Desde Lima o el Aeropuerto<\/h2>\t\t\t\t<\/div>\n\t\t\t\t<\/div>\n\t\t\t\t<div class=\"elementor-element elementor-element-de94401 elementor-widget elementor-widget-text-editor\" data-id=\"de94401\" data-element_type=\"widget\" data-widget_type=\"text-editor.default\">\n\t\t\t\t<div class=\"elementor-widget-container\">\n\t\t\t\t\t\t\t\t\t<p>La manera m\u00e1s r\u00e1pida, directa y segura de llegar a Punta Hermosa es en auto. Dependiendo de la ubicaci\u00f3n en Lima, debe ingresar a la Panamericana Sur y dirigirse en direcci\u00f3n al sur hasta llegar al kil\u00f3metro 36, donde encontrar\u00e1 un desv\u00edo a la derecha que lleva a la Antigua Panamericana Sur. Siguiendo el camino hacia el sur, se encontrar\u00e1 a la derecha las diversas playas que conforman el distrito de Punta Hermosa.<\/p>\t\t\t\t\t\t\t\t<\/div>\n\t\t\t\t<\/div>\n\t\t<div class=\"elementor-element elementor-element-9e6a275 e-flex e-con-boxed e-con e-parent\" data-id=\"9e6a275\" data-element_type=\"container\">\n\t\t\t\t\t<div class=\"e-con-inner\">\n\t\t\t\t\t<\/div>\n\t\t\t\t<\/div>\n\t\t\t\t<div class=\"elementor-element elementor-element-774f42c elementor-widget elementor-widget-heading\" data-id=\"774f42c\" data-element_type=\"widget\" data-widget_type=\"heading.default\">\n\t\t\t\t<div class=\"elementor-widget-container\">\n\t\t\t\t\t<h2 class=\"elementor-heading-title elementor-size-default\">Desde el Sur<\/h2>\t\t\t\t<\/div>\n\t\t\t\t<\/div>\n\t\t\t\t<div class=\"elementor-element elementor-element-ca45ad5 elementor-widget elementor-widget-text-editor\" data-id=\"ca45ad5\" data-element_type=\"widget\" data-widget_type=\"text-editor.default\">\n\t\t\t\t<div class=\"elementor-widget-container\">\n\t\t\t\t\t\t\t\t\t<p>La \u00fanica manera de llegar a Punta Hermosa desde el sur es a trav\u00e9s de la Panamericana Sur en direcci\u00f3n al norte.\u00a0 En el KM 51 se debe tomar la salida n\u00famero 47 hacia la derecha, la cual conduce a la carretera antigua. Si se contin\u00faa hacia el norte por aproximadamente 10 kil\u00f3metros, se comenzar\u00e1n a ver a la izquierda las diversas playas que forman parte del distrito de Punta Hermosa.<\/p><p>Si busca informaci\u00f3n sobre un taxista de confianza, alquiler de autos o vans, no duden en contactar para recibir recomendaciones sobre uno de los socios de confianza.<\/p>\t\t\t\t\t\t\t\t<\/div>\n\t\t\t\t<\/div>\n\t\t<div class=\"elementor-element elementor-element-c62c9e9 e-flex e-con-boxed e-con e-parent\" data-id=\"c62c9e9\" data-element_type=\"container\">\n\t\t\t\t\t<div class=\"e-con-inner\">\n\t\t\t\t\t<\/div>\n\t\t\t\t<\/div>\n\t\t\t\t<div class=\"elementor-element elementor-element-303c128 elementor-widget elementor-widget-heading\" data-id=\"303c128\" data-element_type=\"widget\" data-widget_type=\"heading.default\">\n\t\t\t\t<div class=\"elementor-widget-container\">\n\t\t\t\t\t<h2 class=\"elementor-heading-title elementor-size-default\">TRANSPORTE P\u00daBLICO<\/h2>\t\t\t\t<\/div>\n\t\t\t\t<\/div>\n\t\t\t\t<div class=\"elementor-element elementor-element-8fb78c0 elementor-widget elementor-widget-heading\" data-id=\"8fb78c0\" data-element_type=\"widget\" data-widget_type=\"heading.default\">\n\t\t\t\t<div class=\"elementor-widget-container\">\n\t\t\t\t\t<h2 class=\"elementor-heading-title elementor-size-default\">Desde Lima<\/h2>\t\t\t\t<\/div>\n\t\t\t\t<\/div>\n\t\t\t\t<div class=\"elementor-element elementor-element-afdb9b9 elementor-widget elementor-widget-text-editor\" data-id=\"afdb9b9\" data-element_type=\"widget\" data-widget_type=\"text-editor.default\">\n\t\t\t\t<div class=\"elementor-widget-container\">\n\t\t\t\t\t\t\t\t\t<p>Para llegar a Punta Hermosa en transporte p\u00fablico est\u00e1n disponibles las siguientes rutas encontrando un bus cada 5 minutos:<\/p><p>8511 en direcci\u00f3n a Pucusana con 127 paraderos, el horario regular es desde las 4am a 9pm.\u00a0 Puede encontrar su parada m\u00e1s cercana\u00a0<span style=\"color: #0000ff;\"><strong><a style=\"color: #0000ff;\" href=\"https:\/\/moovitapp.com\/lima-1102\/lines\/8511\/540066\/2075093\/es-419?ref=2&amp;poiType=line&amp;abTest=V1_Banner_map_animation_LINE_14140&amp;customerId=4908&amp;af_sub8=%2Findex%2Fes-419%2Ftransporte_p%25C3%25BAblico-line-8511-Lima-1102-865063-540066-0&amp;af_sub9=Change%20Direction&amp;utm_source=shared&amp;utm_medium=link\" target=\"_blank\" rel=\"noopener\">aqu\u00ed<\/a><\/strong><\/span><\/p><p>8504 en direcci\u00f3n a San Bartolo con 122 paraderos y el horario regular es desde las 5am a 10pm.\u00a0 Puede encontrar su parada m\u00e1s cercana <strong><span style=\"color: #0000ff;\"><a style=\"color: #0000ff;\" href=\"https:\/\/moovitapp.com\/lima-1102\/lines\/8504\/695251\/2942478\/es-419?ref=2&amp;poiType=line&amp;abTest=V2_Banner_map_animation_LINE_14140&amp;customerId=4908&amp;af_sub8=%2Findex%2Fes-419%2Ftransporte_p%25C3%25BAblico-line-8504-Lima-1102-1120632-695251-0&amp;af_sub9=View%20on%20map%20(button)&amp;af_sub9=View%20on%20map%20(button)&amp;utm_source=shared&amp;utm_medium=link\" target=\"_blank\" rel=\"noopener\">aqu\u00ed<\/a><\/span><\/strong><\/p><p>Desde Lima o incluso desde el Sur con direcci\u00f3n a Lima, se pueden encontrar buses interprovinciales como Male\u00f1o, Flores, Soyuz, los cuales se toman en diversas estaciones a lo largo de la carretera Panamericana, como el Mall del Sur o Ica. Estos buses tienen paradas en la carretera a la altura de Punta Hermosa.<\/p>\t\t\t\t\t\t\t\t<\/div>\n\t\t\t\t<\/div>\n\t\t\t\t\t<\/div>\n\t\t<\/div>\n\t\t\t\t\t<\/div>\n\t\t<\/section>\n\t\t\t\t<\/div>","protected":false},"excerpt":{"rendered":"<p>\u00bfC\u00d3MO LLEGAR A PUNTA HERMOSA? UBICACI\u00d3N Punta Hermosa se encuentra en la costa central del Per\u00fa, espec\u00edficamente en la provincia&#8230;<\/p>","protected":false},"author":1,"featured_media":0,"parent":0,"menu_order":0,"comment_status":"closed","ping_status":"closed","template":"elementor_header_footer","meta":{"_monsterinsights_skip_tracking":false,"_monsterinsights_sitenote_active":false,"_monsterinsights_sitenote_note":"","_monsterinsights_sitenote_category":0,"footnotes":""},"class_list":["post-12102","page","type-page","status-publish","hentry"],"_links":{"self":[{"href":"https:\/\/discoverpuntahermosa.com\/pt\/wp-json\/wp\/v2\/pages\/12102","targetHints":{"allow":["GET"]}}],"collection":[{"href":"https:\/\/discoverpuntahermosa.com\/pt\/wp-json\/wp\/v2\/pages"}],"about":[{"href":"https:\/\/discoverpuntahermosa.com\/pt\/wp-json\/wp\/v2\/types\/page"}],"author":[{"embeddable":true,"href":"https:\/\/discoverpuntahermosa.com\/pt\/wp-json\/wp\/v2\/users\/1"}],"replies":[{"embeddable":true,"href":"https:\/\/discoverpuntahermosa.com\/pt\/wp-json\/wp\/v2\/comments?post=12102"}],"version-history":[{"count":0,"href":"https:\/\/discoverpuntahermosa.com\/pt\/wp-json\/wp\/v2\/pages\/12102\/revisions"}],"wp:attachment":[{"href":"https:\/\/discoverpuntahermosa.com\/pt\/wp-json\/wp\/v2\/media?parent=12102"}],"curies":[{"name":"wp","href":"https:\/\/api.w.org\/{rel}","templated":true}]}}